{"id":29,"date":"2024-01-18T06:24:13","date_gmt":"2024-01-18T05:24:13","guid":{"rendered":"https:\/\/productyst.com\/?page_id=29"},"modified":"2024-01-18T06:51:34","modified_gmt":"2024-01-18T05:51:34","slug":"en-construction","status":"publish","type":"page","link":"https:\/\/productyst.com\/","title":{"rendered":"En construction"},"content":{"rendered":"\n<p>Productyst est en cours de lancement.<\/p>\n\n\n\n<p>Plus de d\u00e9tails \u00e0 venir au 2\u00e8me semestre 2024.<\/p>\n","protected":false},"excerpt":{"rendered":"<p>Productyst est en cours de lancement. Plus de d\u00e9tails \u00e0 venir au 2\u00e8me semestre 2024.<\/p>\n","protected":false},"author":1,"featured_media":0,"parent":0,"menu_order":0,"comment_status":"closed","ping_status":"closed","template":"","meta":{"_monsterinsights_skip_tracking":false,"_monsterinsights_sitenote_active":false,"_monsterinsights_sitenote_note":"","_monsterinsights_sitenote_category":0,"footnotes":""},"aioseo_notices":[],"_links":{"self":[{"href":"https:\/\/productyst.com\/index.php\/wp-json\/wp\/v2\/pages\/29"}],"collection":[{"href":"https:\/\/productyst.com\/index.php\/wp-json\/wp\/v2\/pages"}],"about":[{"href":"https:\/\/productyst.com\/index.php\/wp-json\/wp\/v2\/types\/page"}],"author":[{"embeddable":true,"href":"https:\/\/productyst.com\/index.php\/wp-json\/wp\/v2\/users\/1"}],"replies":[{"embeddable":true,"href":"https:\/\/productyst.com\/index.php\/wp-json\/wp\/v2\/comments?post=29"}],"version-history":[{"count":4,"href":"https:\/\/productyst.com\/index.php\/wp-json\/wp\/v2\/pages\/29\/revisions"}],"predecessor-version":[{"id":40,"href":"https:\/\/productyst.com\/index.php\/wp-json\/wp\/v2\/pages\/29\/revisions\/40"}],"wp:attachment":[{"href":"https:\/\/productyst.com\/index.php\/wp-json\/wp\/v2\/media?parent=29"}],"curies":[{"name":"wp","href":"https:\/\/api.w.org\/{rel}","templated":true}]}}